{"id":13,"date":"2022-05-12T10:41:29","date_gmt":"2022-05-12T08:41:29","guid":{"rendered":"https:\/\/guentherundwagner.de\/guenther\/?page_id=13"},"modified":"2025-08-19T09:49:17","modified_gmt":"2025-08-19T07:49:17","slug":"guenther","status":"publish","type":"page","link":"https:\/\/guentherundwagner.de\/guenther\/","title":{"rendered":"G\u00fcnther"},"content":{"rendered":"<p><img decoding=\"async\" src=\"\/guenther\/wp-content\/uploads\/sites\/2\/2022\/12\/schimpfwort-2197.jpg\" alt=\"\"><\/p>\n<div>\n<h6>Schimpfwortarchiv, anwachsende Sammlung seit 2004<\/h6>\n<\/div>\n<h1>\n<h2>ingke g\u00fcnther<\/p>\n<\/h2>\n<\/h1>\n<div>\n<p>Mein k\u00fcnstlerisches Interesse gilt alltagskulturellen Ph\u00e4nomenen in Ding, Wort und Geschehen. Neben Aktionen und Projekten, die ich mit J\u00f6rg Wagner umsetze, arbeite ich kontextbezogen mit Worten und Texten. Ich setze Sprache ins Bild und bin dabei sowohl an dem interessiert, was die Worte inhaltlich transportieren, als auch an deren formbarer Gestalt.<\/p>\n<\/p>\n<\/div>\n<ul>\n<li>\n<p>        <img decoding=\"async\" src=\"\/guenther\/wp-content\/uploads\/sites\/2\/2025\/08\/Vom-Glueck-war-nie-die-Rede-0003399-scaled.jpg\" alt=\"\"><\/p>\n<h3>ZUSAMMEN<\/h3>\n<p><a href=\"https:\/\/guentherundwagner.de\/guenther\/bild\/zusammen\/\">Read more<\/a><\/p>\n<\/li>\n<li>\n<p>        <img decoding=\"async\" src=\"\/guenther\/wp-content\/uploads\/sites\/2\/2025\/06\/Ingke-Angsthase-4620-4.jpg\" alt=\"\"><\/p>\n<h3>angsthase<\/h3>\n<p><a href=\"https:\/\/guentherundwagner.de\/guenther\/bild\/angsthase\/\">Read more<\/a><\/p>\n<\/li>\n<li>\n<p>        <img decoding=\"async\" src=\"\/guenther\/wp-content\/uploads\/sites\/2\/2025\/08\/Ingke-Guenther-5361-scaled.jpg\" alt=\"\"><\/p>\n<h3>Fehler<\/h3>\n<p><a href=\"https:\/\/guentherundwagner.de\/guenther\/bild\/projekt-1\/\">Read more<\/a><\/p>\n<\/li>\n<li>\n<p>        <img decoding=\"async\" src=\"\/guenther\/wp-content\/uploads\/sites\/2\/2024\/02\/ingke-guenther-0668.jpg\" alt=\"\"><\/p>\n<h3>baden gehen<\/h3>\n<p><a href=\"https:\/\/guentherundwagner.de\/guenther\/bild\/baden-gehen\/\">Read more<\/a><\/p>\n<\/li>\n<li>\n<p>        <img decoding=\"async\" src=\"\/guenther\/wp-content\/uploads\/sites\/2\/2024\/02\/ingke-guenther-2601.jpg\" alt=\"\"><\/p>\n<h3>haftnotizen<\/h3>\n<p><a href=\"https:\/\/guentherundwagner.de\/guenther\/bild\/entwurf-1780\/\">Read more<\/a><\/p>\n<\/li>\n<li>\n<p>        <img decoding=\"async\" src=\"\/guenther\/wp-content\/uploads\/sites\/2\/2022\/11\/Fehler-1989.jpg\" alt=\"\"><\/p>\n<h3>Fehlertexte<\/h3>\n<p><a href=\"https:\/\/guentherundwagner.de\/guenther\/projekt\/fehlertexte\/\">Read more<\/a><\/p>\n<\/li>\n<li>\n<p>        <img decoding=\"async\" src=\"\/guenther\/wp-content\/uploads\/sites\/2\/2023\/09\/schriften-0041.jpg\" alt=\"\"><\/p>\n<h3>schreibakt<\/h3>\n<p><a href=\"https:\/\/guentherundwagner.de\/guenther\/bild\/draussen-schreiben\/\">Read more<\/a><\/p>\n<\/li>\n<li>\n<p>        <img decoding=\"async\" src=\"\/guenther\/wp-content\/uploads\/sites\/2\/2022\/12\/Drucksachen-0511.jpg\" alt=\"\"><\/p>\n<h3>Drucksachen<\/h3>\n<p><a href=\"https:\/\/guentherundwagner.de\/guenther\/bild\/drucksachen\/\">Read more<\/a><\/p>\n<\/li>\n<li>\n<p>        <img decoding=\"async\" src=\"\/guenther\/wp-content\/uploads\/sites\/2\/2022\/11\/Textfeld-9055-3.jpg\" alt=\"\"><\/p>\n<h3>textfeld<\/h3>\n<p><a href=\"https:\/\/guentherundwagner.de\/guenther\/bild\/textfeld\/\">Read more<\/a><\/p>\n<\/li>\n<li>\n<p>        <img decoding=\"async\" src=\"\/guenther\/wp-content\/uploads\/sites\/2\/2022\/07\/Ausstellung-Werk-Ingke-scaled.jpg\" alt=\"\"><\/p>\n<h3>immer was zu tun<\/h3>\n<p><a href=\"https:\/\/guentherundwagner.de\/guenther\/bild\/immer-was-zu-tun\/\">Read more<\/a><\/p>\n<\/li>\n<li>\n<p>        <img decoding=\"async\" src=\"\/guenther\/wp-content\/uploads\/sites\/2\/2022\/11\/Ist-das-der-grosse-Wurf-4671.jpg\" alt=\"\"><\/p>\n<h3>Schimpfwortarchiv<\/h3>\n<p><a href=\"https:\/\/guentherundwagner.de\/guenther\/bild\/bild-guenther\/\">Read more<\/a><\/p>\n<\/li>\n<li>\n<p>        <img decoding=\"async\" src=\"\/guenther\/wp-content\/uploads\/sites\/2\/2022\/11\/display-7218.jpg\" alt=\"\"><\/p>\n<h3>display<\/h3>\n<p><a href=\"https:\/\/guentherundwagner.de\/guenther\/bild\/display\/\">Read more<\/a><\/p>\n<\/li>\n<li>\n<p>        <img decoding=\"async\" src=\"\/guenther\/wp-content\/uploads\/sites\/2\/2022\/11\/wortkarg-7170.jpg\" alt=\"\"><\/p>\n<h3>Textzeichnungen<\/h3>\n<p><a href=\"https:\/\/guentherundwagner.de\/guenther\/bild\/textzeichnungen\/\">Read more<\/a><\/p>\n<\/li>\n<li>\n<p>        <img decoding=\"async\" src=\"\/guenther\/wp-content\/uploads\/sites\/2\/2022\/11\/cut-outs-6799-1-scaled.jpg\" alt=\"\"><\/p>\n<h3>Cut Outs<\/h3>\n<p><a href=\"https:\/\/guentherundwagner.de\/guenther\/bild\/cut-outs\/\">Read more<\/a><\/p>\n<\/li>\n<li>\n<p>        <img decoding=\"async\" src=\"\/guenther\/wp-content\/uploads\/sites\/2\/2022\/12\/Kioskwissenschaft-5.jpg\" alt=\"\"><\/p>\n<h3>Kiosk<\/h3>\n<p><a href=\"https:\/\/guentherundwagner.de\/guenther\/bild\/kiosk\/\">Read more<\/a><\/p>\n<\/li>\n<li>\n<p>        <img decoding=\"async\" src=\"\/guenther\/wp-content\/uploads\/sites\/2\/2022\/11\/Blumensprache-5565.jpg\" alt=\"\"><\/p>\n<h3>Blumensprache<\/h3>\n<p><a href=\"https:\/\/guentherundwagner.de\/guenther\/bild\/projekt-2\/\">Read more<\/a><\/p>\n<\/li>\n<\/ul>\n<p><!--more--><br \/>\n<!-- {\"type\":\"layout\",\"children\":[{\"type\":\"section\",\"props\":{\"image_position\":\"center-center\",\"padding_remove_top\":false,\"style\":\"default\",\"title_breakpoint\":\"xl\",\"title_position\":\"top-left\",\"title_rotation\":\"left\",\"vertical_align\":\"\",\"width\":\"default\"},\"children\":[{\"type\":\"row\",\"children\":[{\"type\":\"column\",\"props\":{\"image_position\":\"center-center\",\"position_sticky_breakpoint\":\"m\"},\"children\":[{\"type\":\"image\",\"props\":{\"image\":\"wp-content\\\/uploads\\\/sites\\\/2\\\/2022\\\/12\\\/schimpfwort-2197.jpg\",\"image_svg_color\":\"emphasis\",\"margin\":\"default\"}},{\"type\":\"text\",\"props\":{\"column_breakpoint\":\"m\",\"content\":\"\n\n<h6>Schimpfwortarchiv, anwachsende Sammlung seit 2004<\\\/h6>\",\"margin\":\"default\"}},{\"type\":\"headline\",\"props\":{\"content\":\"\n\n<h2>ingke g\\u00fcnther<br \\\/><br \\\/><\\\/h2>\",\"title_element\":\"h1\"}},{\"type\":\"text\",\"props\":{\"column_breakpoint\":\"m\",\"content\":\"\n\n<p>Mein k\\u00fcnstlerisches Interesse gilt alltagskulturellen Ph\\u00e4nomenen in Ding, Wort und Geschehen. Neben Aktionen und Projekten, die ich mit J\\u00f6rg Wagner umsetze, arbeite ich kontextbezogen mit Worten und Texten. Ich setze Sprache ins Bild und bin dabei sowohl an dem interessiert, was die Worte inhaltlich transportieren, als auch an deren formbarer Gestalt.<\\\/p>\\n\n\n<p><\\\/p>\\n\n\n<p><\\\/p>\",\"margin\":\"default\"}},{\"type\":\"gallery\",\"props\":{\"filter_align\":\"left\",\"filter_all\":true,\"filter_grid_breakpoint\":\"m\",\"filter_grid_width\":\"auto\",\"filter_position\":\"top\",\"filter_style\":\"tab\",\"grid_default\":\"1\",\"grid_medium\":\"2\",\"image_height\":\"400\",\"image_width\":\"600\",\"item_animation\":true,\"lightbox_bg_close\":true,\"link_style\":\"default\",\"link_text\":\"Read more\",\"margin\":\"default\",\"meta_align\":\"below-title\",\"meta_element\":\"div\",\"meta_style\":\"text-meta\",\"overlay_hover\":true,\"overlay_link\":true,\"overlay_mode\":\"cover\",\"overlay_position\":\"center\",\"overlay_style\":\"overlay-primary\",\"overlay_transition\":\"fade\",\"parallax_easing\":\"1\",\"show_content\":true,\"show_hover_image\":true,\"show_hover_video\":true,\"show_link\":true,\"show_meta\":true,\"show_title\":true,\"text_align\":\"center\",\"text_color\":\"light\",\"title_element\":\"h3\",\"title_hover_style\":\"reset\"},\"children\":[{\"type\":\"gallery_item\",\"props\":{\"image\":\"wp-content\\\/uploads\\\/sites\\\/2\\\/2025\\\/08\\\/Vom-Glueck-war-nie-die-Rede-0003399-scaled.jpg\",\"link\":\"https:\\\/\\\/guentherundwagner.de\\\/guenther\\\/bild\\\/zusammen\\\/\",\"title\":\"ZUSAMMEN\"}},{\"type\":\"gallery_item\",\"props\":{\"image\":\"wp-content\\\/uploads\\\/sites\\\/2\\\/2025\\\/06\\\/Ingke-Angsthase-4620-4.jpg\",\"link\":\"https:\\\/\\\/guentherundwagner.de\\\/guenther\\\/bild\\\/angsthase\\\/\",\"title\":\"angsthase\"}},{\"type\":\"gallery_item\",\"props\":{\"image\":\"wp-content\\\/uploads\\\/sites\\\/2\\\/2025\\\/08\\\/Ingke-Guenther-5361-scaled.jpg\",\"link\":\"https:\\\/\\\/guentherundwagner.de\\\/guenther\\\/bild\\\/projekt-1\\\/\",\"title\":\"Fehler\"}},{\"type\":\"gallery_item\",\"props\":{\"image\":\"wp-content\\\/uploads\\\/sites\\\/2\\\/2024\\\/02\\\/ingke-guenther-0668.jpg\",\"link\":\"https:\\\/\\\/guentherundwagner.de\\\/guenther\\\/bild\\\/baden-gehen\\\/\",\"title\":\"baden gehen\"}},{\"type\":\"gallery_item\",\"props\":{\"image\":\"wp-content\\\/uploads\\\/sites\\\/2\\\/2024\\\/02\\\/ingke-guenther-2601.jpg\",\"link\":\"https:\\\/\\\/guentherundwagner.de\\\/guenther\\\/bild\\\/entwurf-1780\\\/\",\"title\":\"haftnotizen\"}},{\"type\":\"gallery_item\",\"props\":{\"image\":\"wp-content\\\/uploads\\\/sites\\\/2\\\/2022\\\/11\\\/Fehler-1989.jpg\",\"link\":\"https:\\\/\\\/guentherundwagner.de\\\/guenther\\\/projekt\\\/fehlertexte\\\/\",\"title\":\"Fehlertexte\"}},{\"type\":\"gallery_item\",\"props\":{\"image\":\"wp-content\\\/uploads\\\/sites\\\/2\\\/2023\\\/09\\\/schriften-0041.jpg\",\"link\":\"https:\\\/\\\/guentherundwagner.de\\\/guenther\\\/bild\\\/draussen-schreiben\\\/\",\"title\":\"schreibakt\"}},{\"type\":\"gallery_item\",\"props\":{\"image\":\"wp-content\\\/uploads\\\/sites\\\/2\\\/2022\\\/12\\\/Drucksachen-0511.jpg\",\"link\":\"https:\\\/\\\/guentherundwagner.de\\\/guenther\\\/bild\\\/drucksachen\\\/\",\"title\":\"Drucksachen\"}},{\"type\":\"gallery_item\",\"props\":{\"image\":\"wp-content\\\/uploads\\\/sites\\\/2\\\/2022\\\/11\\\/Textfeld-9055-3.jpg\",\"link\":\"https:\\\/\\\/guentherundwagner.de\\\/guenther\\\/bild\\\/textfeld\\\/\",\"title\":\"textfeld\"}},{\"type\":\"gallery_item\",\"props\":{\"image\":\"wp-content\\\/uploads\\\/sites\\\/2\\\/2022\\\/07\\\/Ausstellung-Werk-Ingke-scaled.jpg\",\"link\":\"https:\\\/\\\/guentherundwagner.de\\\/guenther\\\/bild\\\/immer-was-zu-tun\\\/\",\"title\":\"immer was zu tun\"}},{\"type\":\"gallery_item\",\"props\":{\"image\":\"wp-content\\\/uploads\\\/sites\\\/2\\\/2022\\\/11\\\/Ist-das-der-grosse-Wurf-4671.jpg\",\"link\":\"https:\\\/\\\/guentherundwagner.de\\\/guenther\\\/bild\\\/bild-guenther\\\/\",\"title\":\"Schimpfwortarchiv\"}},{\"type\":\"gallery_item\",\"props\":{\"image\":\"wp-content\\\/uploads\\\/sites\\\/2\\\/2022\\\/11\\\/display-7218.jpg\",\"link\":\"https:\\\/\\\/guentherundwagner.de\\\/guenther\\\/bild\\\/display\\\/\",\"title\":\"display\"}},{\"type\":\"gallery_item\",\"props\":{\"image\":\"wp-content\\\/uploads\\\/sites\\\/2\\\/2022\\\/11\\\/wortkarg-7170.jpg\",\"link\":\"https:\\\/\\\/guentherundwagner.de\\\/guenther\\\/bild\\\/textzeichnungen\\\/\",\"title\":\"Textzeichnungen\"}},{\"type\":\"gallery_item\",\"props\":{\"image\":\"wp-content\\\/uploads\\\/sites\\\/2\\\/2022\\\/11\\\/cut-outs-6799-1-scaled.jpg\",\"link\":\"https:\\\/\\\/guentherundwagner.de\\\/guenther\\\/bild\\\/cut-outs\\\/\",\"title\":\"Cut Outs\"}},{\"type\":\"gallery_item\",\"props\":{\"image\":\"wp-content\\\/uploads\\\/sites\\\/2\\\/2022\\\/12\\\/Kioskwissenschaft-5.jpg\",\"link\":\"https:\\\/\\\/guentherundwagner.de\\\/guenther\\\/bild\\\/kiosk\\\/\",\"title\":\"Kiosk\"}},{\"type\":\"gallery_item\",\"props\":{\"image\":\"wp-content\\\/uploads\\\/sites\\\/2\\\/2022\\\/11\\\/Blumensprache-5565.jpg\",\"link\":\"https:\\\/\\\/guentherundwagner.de\\\/guenther\\\/bild\\\/projekt-2\\\/\",\"title\":\"Blumensprache\"}}]}]}]}],\"name\":\"Startseite\"}],\"version\":\"4.5.0\"} --><\/p>\n","protected":false},"excerpt":{"rendered":"<p>Schimpfwortarchiv, anwachsende Sammlung seit 2004 ingke g\u00fcnther Mein k\u00fcnstlerisches Interesse gilt alltagskulturellen Ph\u00e4nomenen in Ding, Wort und Geschehen. Neben Aktionen und Projekten, die ich mit J\u00f6rg Wagner umsetze, arbeite ich kontextbezogen mit Worten und Texten. Ich setze Sprache ins Bild und bin dabei sowohl an dem interessiert, was die Worte inhaltlich transportieren, als auch an [&hellip;]<\/p>\n","protected":false},"author":1,"featured_media":0,"parent":0,"menu_order":0,"comment_status":"closed","ping_status":"closed","template":"","meta":{"footnotes":""},"class_list":["post-13","page","type-page","status-publish","hentry"],"_links":{"self":[{"href":"https:\/\/guentherundwagner.de\/guenther\/wp-json\/wp\/v2\/pages\/13","targetHints":{"allow":["GET"]}}],"collection":[{"href":"https:\/\/guentherundwagner.de\/guenther\/wp-json\/wp\/v2\/pages"}],"about":[{"href":"https:\/\/guentherundwagner.de\/guenther\/wp-json\/wp\/v2\/types\/page"}],"author":[{"embeddable":true,"href":"https:\/\/guentherundwagner.de\/guenther\/wp-json\/wp\/v2\/users\/1"}],"replies":[{"embeddable":true,"href":"https:\/\/guentherundwagner.de\/guenther\/wp-json\/wp\/v2\/comments?post=13"}],"version-history":[{"count":10,"href":"https:\/\/guentherundwagner.de\/guenther\/wp-json\/wp\/v2\/pages\/13\/revisions"}],"predecessor-version":[{"id":2208,"href":"https:\/\/guentherundwagner.de\/guenther\/wp-json\/wp\/v2\/pages\/13\/revisions\/2208"}],"wp:attachment":[{"href":"https:\/\/guentherundwagner.de\/guenther\/wp-json\/wp\/v2\/media?parent=13"}],"curies":[{"name":"wp","href":"https:\/\/api.w.org\/{rel}","templated":true}]}}